{"id":11,"date":"2024-01-10T12:23:52","date_gmt":"2024-01-10T11:23:52","guid":{"rendered":"https:\/\/feedback.stadel.info\/?page_id=11"},"modified":"2024-01-11T09:20:07","modified_gmt":"2024-01-11T08:20:07","slug":"startseite","status":"publish","type":"page","link":"https:\/\/feedback.stadel.info\/","title":{"rendered":"Startseite"},"content":{"rendered":"\t\t<div data-elementor-type=\"wp-post\" data-elementor-id=\"11\" class=\"elementor elementor-11\">\n\t\t\t\t<div class=\"elementor-element elementor-element-4a2b144 e-con-full e-flex e-con e-parent\" data-id=\"4a2b144\" data-element_type=\"container\" data-e-type=\"container\">\n\t\t\t\t<div class=\"elementor-element elementor-element-b3fc624 elementor-widget elementor-widget-heading\" data-id=\"b3fc624\" data-element_type=\"widget\" data-e-type=\"widget\" data-widget_type=\"heading.default\">\n\t\t\t\t<div class=\"elementor-widget-container\">\n\t\t\t\t\t<h2 class=\"elementor-heading-title elementor-size-default\"><font color=\"#fab313\"> Sch\u00f6n, <\/font> dass du <br>bei uns warst!<\/h2>\t\t\t\t<\/div>\n\t\t\t\t<\/div>\n\t\t\t\t<div class=\"elementor-element elementor-element-4e4a5d7 elementor-widget elementor-widget-text-editor\" data-id=\"4e4a5d7\" data-element_type=\"widget\" data-e-type=\"widget\" data-widget_type=\"text-editor.default\">\n\t\t\t\t<div class=\"elementor-widget-container\">\n\t\t\t\t\t\t\t\t\t<p>Wie hat es dir bei uns gefallen, hast du dich <br>gut beraten gef\u00fchlt? <strong>Wir freuen uns \u00fcber dein<\/strong><br><strong>Feedback.<\/strong><\/p>\t\t\t\t\t\t\t\t<\/div>\n\t\t\t\t<\/div>\n\t\t\t\t<\/div>\n\t\t<div class=\"elementor-element elementor-element-c6ac7ef e-flex e-con-boxed e-con e-parent\" data-id=\"c6ac7ef\" data-element_type=\"container\" data-e-type=\"container\">\n\t\t\t\t\t<div class=\"e-con-inner\">\n\t\t<div class=\"elementor-element elementor-element-d35a6e0 e-con-full e-flex e-con e-child\" data-id=\"d35a6e0\" data-element_type=\"container\" data-e-type=\"container\">\n\t\t\t\t<div class=\"elementor-element elementor-element-d8d8a62 elementor-align-left elementor-widget elementor-widget-button\" data-id=\"d8d8a62\" data-element_type=\"widget\" data-e-type=\"widget\" data-widget_type=\"button.default\">\n\t\t\t\t<div class=\"elementor-widget-container\">\n\t\t\t\t\t\t\t\t\t<div class=\"elementor-button-wrapper\">\n\t\t\t\t\t<a class=\"elementor-button elementor-button-link elementor-size-md\" href=\"#\">\n\t\t\t\t\t\t<span class=\"elementor-button-content-wrapper\">\n\t\t\t\t\t\t\t\t\t<span class=\"elementor-button-text\">Los geht's<\/span>\n\t\t\t\t\t<\/span>\n\t\t\t\t\t<\/a>\n\t\t\t\t<\/div>\n\t\t\t\t\t\t\t\t<\/div>\n\t\t\t\t<\/div>\n\t\t\t\t<\/div>\n\t\t<div class=\"elementor-element elementor-element-e33b0be e-con-full e-flex e-con e-child\" data-id=\"e33b0be\" data-element_type=\"container\" data-e-type=\"container\">\n\t\t\t\t<\/div>\n\t\t<div class=\"elementor-element elementor-element-c6c987e e-con-full e-flex e-con e-child\" data-id=\"c6c987e\" data-element_type=\"container\" data-e-type=\"container\">\n\t\t\t\t<\/div>\n\t\t<div class=\"elementor-element elementor-element-888a80d e-con-full e-flex e-con e-child\" data-id=\"888a80d\" data-element_type=\"container\" data-e-type=\"container\">\n\t\t\t\t<div class=\"elementor-element elementor-element-3e7ca6f elementor-widget elementor-widget-image\" data-id=\"3e7ca6f\" data-element_type=\"widget\" data-e-type=\"widget\" data-widget_type=\"image.default\">\n\t\t\t\t<div class=\"elementor-widget-container\">\n\t\t\t\t\t\t\t\t\t\t\t\t\t\t\t<img decoding=\"async\" width=\"200\" height=\"126\" src=\"https:\/\/feedback.stadel.info\/wp-content\/uploads\/2024\/01\/cropped-cropped-rz_logo_stadel_shop_RGB-e1704885166929.png\" class=\"attachment-large size-large wp-image-36\" alt=\"\" \/>\t\t\t\t\t\t\t\t\t\t\t\t\t\t\t<\/div>\n\t\t\t\t<\/div>\n\t\t\t\t<\/div>\n\t\t\t\t\t<\/div>\n\t\t\t\t<\/div>\n\t\t\t\t<\/div>\n\t\t","protected":false},"excerpt":{"rendered":"<p>Sch\u00f6n, dass du bei uns warst! Wie hat es dir bei uns gefallen, hast du dich gut beraten gef\u00fchlt? Wir freuen uns \u00fcber deinFeedback. Los geht&#8217;s<\/p>\n","protected":false},"author":1,"featured_media":0,"parent":0,"menu_order":0,"comment_status":"closed","ping_status":"closed","template":"","meta":{"neve_meta_sidebar":"","neve_meta_container":"","neve_meta_enable_content_width":"","neve_meta_content_width":0,"neve_meta_title_alignment":"","neve_meta_author_avatar":"","neve_post_elements_order":"","neve_meta_disable_header":"off","neve_meta_disable_footer":"","neve_meta_disable_title":"on","footnotes":""},"class_list":["post-11","page","type-page","status-publish","hentry"],"_links":{"self":[{"href":"https:\/\/feedback.stadel.info\/index.php?rest_route=\/wp\/v2\/pages\/11","targetHints":{"allow":["GET"]}}],"collection":[{"href":"https:\/\/feedback.stadel.info\/index.php?rest_route=\/wp\/v2\/pages"}],"about":[{"href":"https:\/\/feedback.stadel.info\/index.php?rest_route=\/wp\/v2\/types\/page"}],"author":[{"embeddable":true,"href":"https:\/\/feedback.stadel.info\/index.php?rest_route=\/wp\/v2\/users\/1"}],"replies":[{"embeddable":true,"href":"https:\/\/feedback.stadel.info\/index.php?rest_route=%2Fwp%2Fv2%2Fcomments&post=11"}],"version-history":[{"count":24,"href":"https:\/\/feedback.stadel.info\/index.php?rest_route=\/wp\/v2\/pages\/11\/revisions"}],"predecessor-version":[{"id":65,"href":"https:\/\/feedback.stadel.info\/index.php?rest_route=\/wp\/v2\/pages\/11\/revisions\/65"}],"wp:attachment":[{"href":"https:\/\/feedback.stadel.info\/index.php?rest_route=%2Fwp%2Fv2%2Fmedia&parent=11"}],"curies":[{"name":"wp","href":"https:\/\/api.w.org\/{rel}","templated":true}]}}